{"id":299,"date":"2024-08-27T18:35:33","date_gmt":"2024-08-27T16:35:33","guid":{"rendered":"https:\/\/www.faircarecosmetics.com\/start\/"},"modified":"2024-08-28T12:37:35","modified_gmt":"2024-08-28T10:37:35","slug":"start","status":"publish","type":"page","link":"https:\/\/www.faircarecosmetics.com\/fr\/","title":{"rendered":"FR &#8211; FAIR CARE: Eine Geschichte der Nachhaltigkeit und des Wohlbefindens"},"content":{"rendered":"\n<p>In einer Welt, die sich zunehmend um Nachhaltigkeit und ethischen Konsum dreht, wurde FAIR CARE mit einem klaren Ziel gegr\u00fcndet: die Sch\u00f6nheits- und Pflegebranche zu revolutionieren. Unsere Geschichte beginnt mit einem einfachen, aber kraftvollen Gedanken: Jeder Mensch verdient es, sich wohl in seiner Haut zu f\u00fchlen, ohne dabei die Umwelt zu belasten.<\/p>\n\n\n              \n                <div class=\"slider-2 row\">\n\n                \n                  <a href=\"https:\/\/www.faircarecosmetics.com\/fr\/produits\/fair-care-corps\/\" class=\"item col-12\">\n                    <div class=\"image\">\n                      <img decoding=\"async\" src=\"\" alt=\"\" \/>\n                    <\/div>\n                    <div class=\"text\">\n                      <h2>FAIR CARE K\u00f6rperpflege<\/h2>\n                      <p>Feuchtigkeitsspendende Lotionen und Cremes f\u00fcr eine rundum gepflegte Haut<\/p>\n                    <\/div>\n                    <div class=\"link\">\n                      <p class=\"btn btn-primary\">D\u00e9couvrir<\/p>\n                    <\/div>\n                  <\/a>\n\n                \n                  <a href=\"https:\/\/www.faircarecosmetics.com\/fr\/produits\/fair-care-mains\/\" class=\"item col-12\">\n                    <div class=\"image\">\n                      <img decoding=\"async\" src=\"\" alt=\"\" \/>\n                    <\/div>\n                    <div class=\"text\">\n                      <h2>FAIR CARE Handpflege<\/h2>\n                      <p>Reichhaltige Cremes, die deine H\u00e4nde geschmeidig und gepflegt halten.<\/p>\n                    <\/div>\n                    <div class=\"link\">\n                      <p class=\"btn btn-primary\">D\u00e9couvrir<\/p>\n                    <\/div>\n                  <\/a>\n\n                \n                  <a href=\"https:\/\/www.faircarecosmetics.com\/fr\/produits\/fair-care-pieds\/\" class=\"item col-12\">\n                    <div class=\"image\">\n                      <img decoding=\"async\" src=\"\" alt=\"\" \/>\n                    <\/div>\n                    <div class=\"text\">\n                      <h2>FAIR CARE Fu\u00dfpflege<\/h2>\n                      <p>F\u00fcr gepflegte F\u00fc\u00dfe, die jeden Schritt ein bisschen leichter machen.<\/p>\n                    <\/div>\n                    <div class=\"link\">\n                      <p class=\"btn btn-primary\">D\u00e9couvrir<\/p>\n                    <\/div>\n                  <\/a>\n\n                \n                  <a href=\"https:\/\/www.faircarecosmetics.com\/fr\/produits\/fair-care-cheveux\/\" class=\"item col-12\">\n                    <div class=\"image\">\n                      <img decoding=\"async\" src=\"\" alt=\"\" \/>\n                    <\/div>\n                    <div class=\"text\">\n                      <h2>FAIR CARE Haarpflege &#038; Styling<\/h2>\n                      <p>Produkte, die dem Haar Glanz, Flexibilit\u00e4t und St\u00e4rke verleihen<\/p>\n                    <\/div>\n                    <div class=\"link\">\n                      <p class=\"btn btn-primary\">D\u00e9couvrir<\/p>\n                    <\/div>\n                  <\/a>\n\n                \n                  <a href=\"https:\/\/www.faircarecosmetics.com\/fr\/produits\/fair-care-visage\/\" class=\"item col-12\">\n                    <div class=\"image\">\n                      <img decoding=\"async\" src=\"\" alt=\"\" \/>\n                    <\/div>\n                    <div class=\"text\">\n                      <h2>FAIR CARE Gesichtspflege<\/h2>\n                      <p>N\u00e4hrende Cremes, die die nat\u00fcrliche Sch\u00f6nheit deiner Haut hervorheben.<\/p>\n                    <\/div>\n                    <div class=\"link\">\n                      <p class=\"btn btn-primary\">D\u00e9couvrir<\/p>\n                    <\/div>\n                  <\/a>\n\n                \n                <\/div>\n\n              ","protected":false},"excerpt":{"rendered":"<p>In einer Welt, die sich zunehmend um Nachhaltigkeit und ethischen Konsum dreht, wurde FAIR CARE mit einem klaren Ziel gegr\u00fcndet: die Sch\u00f6nheits- und Pflegebranche zu revolutionieren. Unsere Geschichte beginnt mit einem einfachen, aber kraftvollen Gedanken: Jeder Mensch verdient es, sich wohl in seiner Haut zu f\u00fchlen, ohne dabei [&hellip;]<\/p>\n","protected":false},"author":2,"featured_media":0,"parent":0,"menu_order":1,"comment_status":"closed","ping_status":"closed","template":"","meta":{"_acf_changed":false,"footnotes":""},"class_list":["post-299","page","type-page","status-publish","hentry"],"acf":[],"_links":{"self":[{"href":"https:\/\/www.faircarecosmetics.com\/fr\/wp-json\/wp\/v2\/pages\/299","targetHints":{"allow":["GET"]}}],"collection":[{"href":"https:\/\/www.faircarecosmetics.com\/fr\/wp-json\/wp\/v2\/pages"}],"about":[{"href":"https:\/\/www.faircarecosmetics.com\/fr\/wp-json\/wp\/v2\/types\/page"}],"author":[{"embeddable":true,"href":"https:\/\/www.faircarecosmetics.com\/fr\/wp-json\/wp\/v2\/users\/2"}],"replies":[{"embeddable":true,"href":"https:\/\/www.faircarecosmetics.com\/fr\/wp-json\/wp\/v2\/comments?post=299"}],"version-history":[{"count":1,"href":"https:\/\/www.faircarecosmetics.com\/fr\/wp-json\/wp\/v2\/pages\/299\/revisions"}],"predecessor-version":[{"id":300,"href":"https:\/\/www.faircarecosmetics.com\/fr\/wp-json\/wp\/v2\/pages\/299\/revisions\/300"}],"wp:attachment":[{"href":"https:\/\/www.faircarecosmetics.com\/fr\/wp-json\/wp\/v2\/media?parent=299"}],"curies":[{"name":"wp","href":"https:\/\/api.w.org\/{rel}","templated":true}]}}