{"id":399,"date":"2024-08-28T11:49:51","date_gmt":"2024-08-28T09:49:51","guid":{"rendered":"https:\/\/www.faircarecosmetics.com\/cookie-settings\/"},"modified":"2024-08-28T19:27:43","modified_gmt":"2024-08-28T17:27:43","slug":"cookie-settings","status":"publish","type":"page","link":"https:\/\/www.faircarecosmetics.com\/es\/cookie-settings\/","title":{"rendered":"Configuraci\u00f3n de cookies"},"content":{"rendered":"\n<div class=\"wp-block-columns is-layout-flex wp-container-core-columns-is-layout-9d6595d7 wp-block-columns-is-layout-flex\">\n<div class=\"wp-block-column is-layout-flow wp-block-column-is-layout-flow\" style=\"flex-basis:33.33%\"><\/div>\n\n\n\n<div class=\"wp-block-column is-layout-flow wp-block-column-is-layout-flow\" style=\"flex-basis:66.66%\">\n<h1 class=\"wp-block-heading\">Configuraci\u00f3n de cookies<\/h1>\n\n\n\n<p>Este sitio web utiliza Borlabs Cookies, que instala cookies t\u00e9cnicamente necesarias para guardar su consentimiento de uso de cookies. Borlabs Cookie no procesa ning\u00fan dato personal.<\/p>\n\n\n\n<p>La cookie <em>borlabs-cookie<\/em> guarda el consentimiento que usted dio al ingresar al sitio web. Puede ajustar su configuraci\u00f3n de cookies aqu\u00ed:<\/p>\n\n\n<span class=\"borlabs-cookie-open-dialog-preferences brlbs-cmpnt-container\" data-borlabs-cookie-title=\"Edit Cookie Settings\" data-borlabs-cookie-type=\"button\" ><\/span>\n<\/div>\n<\/div>\n","protected":false},"excerpt":{"rendered":"<p>Configuraci\u00f3n de cookies Este sitio web utiliza Borlabs Cookies, que instala cookies t\u00e9cnicamente necesarias para guardar su consentimiento de uso de cookies. Borlabs Cookie no procesa ning\u00fan dato personal. La cookie borlabs-cookie guarda el consentimiento que usted dio al ingresar al sitio web. Puede ajustar su configuraci\u00f3n de [&hellip;]<\/p>\n","protected":false},"author":2,"featured_media":0,"parent":0,"menu_order":103,"comment_status":"closed","ping_status":"closed","template":"","meta":{"_acf_changed":false,"footnotes":""},"class_list":["post-399","page","type-page","status-publish","hentry"],"acf":[],"_links":{"self":[{"href":"https:\/\/www.faircarecosmetics.com\/es\/wp-json\/wp\/v2\/pages\/399","targetHints":{"allow":["GET"]}}],"collection":[{"href":"https:\/\/www.faircarecosmetics.com\/es\/wp-json\/wp\/v2\/pages"}],"about":[{"href":"https:\/\/www.faircarecosmetics.com\/es\/wp-json\/wp\/v2\/types\/page"}],"author":[{"embeddable":true,"href":"https:\/\/www.faircarecosmetics.com\/es\/wp-json\/wp\/v2\/users\/2"}],"replies":[{"embeddable":true,"href":"https:\/\/www.faircarecosmetics.com\/es\/wp-json\/wp\/v2\/comments?post=399"}],"version-history":[{"count":2,"href":"https:\/\/www.faircarecosmetics.com\/es\/wp-json\/wp\/v2\/pages\/399\/revisions"}],"predecessor-version":[{"id":482,"href":"https:\/\/www.faircarecosmetics.com\/es\/wp-json\/wp\/v2\/pages\/399\/revisions\/482"}],"wp:attachment":[{"href":"https:\/\/www.faircarecosmetics.com\/es\/wp-json\/wp\/v2\/media?parent=399"}],"curies":[{"name":"wp","href":"https:\/\/api.w.org\/{rel}","templated":true}]}}