{"id":209,"date":"2024-08-28T10:33:02","date_gmt":"2024-08-28T08:33:02","guid":{"rendered":"https:\/\/www.faircarecosmetics.com\/?page_id=209"},"modified":"2024-09-06T12:45:14","modified_gmt":"2024-09-06T10:45:14","slug":"products","status":"publish","type":"page","link":"https:\/\/www.faircarecosmetics.com\/en\/products\/","title":{"rendered":"Products"},"content":{"rendered":"              \n                <div class=\"cards-2\">\n                  <div class=\"row\">\n\n                    \n                      <div class=\"col-12 col-sm-6 col-md-4\">\n                        <a href=\"https:\/\/www.faircarecosmetics.com\/en\/products\/fair-care-body\/\" class=\"item\">\n                          <div class=\"image\">\n                            <img decoding=\"async\" src=\"https:\/\/www.faircarecosmetics.com\/wp-content\/uploads\/2024\/09\/Bodylotionalle.jpg\" alt=\"\" \/>\n                          <\/div>\n                          <div class=\"text\">\n                            <h2>FAIR CARE K\u00f6rperpflege<\/h2>\n                            <p>Feuchtigkeitsspendende Lotionen und Cremes f\u00fcr eine rundum gepflegte Haut.<\/p>\n                          <\/div>\n                          <div class=\"link\">\n                            <p class=\"btn btn-primary\">Discover<\/p>\n                          <\/div>\n                        <\/a>\n                      <\/div>\n\n                    \n                      <div class=\"col-12 col-sm-6 col-md-4\">\n                        <a href=\"https:\/\/www.faircarecosmetics.com\/en\/products\/fair-care-hands\/\" class=\"item\">\n                          <div class=\"image\">\n                            <img decoding=\"async\" src=\"https:\/\/www.faircarecosmetics.com\/wp-content\/uploads\/2024\/09\/Handcremes2.jpg\" alt=\"\" \/>\n                          <\/div>\n                          <div class=\"text\">\n                            <h2>FAIR CARE Handpflege<\/h2>\n                            <p>Reichhaltige Cremes, die deine H\u00e4nde geschmeidig und gepflegt halten.<\/p>\n                          <\/div>\n                          <div class=\"link\">\n                            <p class=\"btn btn-primary\">Discover<\/p>\n                          <\/div>\n                        <\/a>\n                      <\/div>\n\n                    \n                      <div class=\"col-12 col-sm-6 col-md-4\">\n                        <a href=\"https:\/\/www.faircarecosmetics.com\/en\/products\/fair-care-feet\/\" class=\"item\">\n                          <div class=\"image\">\n                            <img decoding=\"async\" src=\"https:\/\/www.faircarecosmetics.com\/wp-content\/uploads\/2024\/09\/Fusspflege.jpg\" alt=\"\" \/>\n                          <\/div>\n                          <div class=\"text\">\n                            <h2>FAIR CARE Fu\u00dfpflege<\/h2>\n                            <p>F\u00fcr gepflegte F\u00fc\u00dfe, die jeden Schritt ein bisschen leichter machen.<\/p>\n                          <\/div>\n                          <div class=\"link\">\n                            <p class=\"btn btn-primary\">Discover<\/p>\n                          <\/div>\n                        <\/a>\n                      <\/div>\n\n                    \n                      <div class=\"col-12 col-sm-6 col-md-4\">\n                        <a href=\"https:\/\/www.faircarecosmetics.com\/en\/products\/fair-care-hair\/\" class=\"item\">\n                          <div class=\"image\">\n                            <img decoding=\"async\" src=\"https:\/\/www.faircarecosmetics.com\/wp-content\/uploads\/2024\/09\/Haarpflege.jpg\" alt=\"\" \/>\n                          <\/div>\n                          <div class=\"text\">\n                            <h2>FAIR CARE Haarpflege &#038; Styling<\/h2>\n                            <p>Produkte, die dem Haar Glanz, Flexibilit\u00e4t und St\u00e4rke verleihen<\/p>\n                          <\/div>\n                          <div class=\"link\">\n                            <p class=\"btn btn-primary\">Discover<\/p>\n                          <\/div>\n                        <\/a>\n                      <\/div>\n\n                    \n                      <div class=\"col-12 col-sm-6 col-md-4\">\n                        <a href=\"https:\/\/www.faircarecosmetics.com\/en\/products\/fair-care-face\/\" class=\"item\">\n                          <div class=\"image\">\n                            <img decoding=\"async\" src=\"https:\/\/www.faircarecosmetics.com\/wp-content\/uploads\/2024\/09\/Photoroom_20240710_110802.jpg\" alt=\"\" \/>\n                          <\/div>\n                          <div class=\"text\">\n                            <h2>FAIR CARE Gesichtspflege<\/h2>\n                            <p>N\u00e4hrende Cremes, die die nat\u00fcrliche Sch\u00f6nheit deiner Haut hervorheben.<\/p>\n                          <\/div>\n                          <div class=\"link\">\n                            <p class=\"btn btn-primary\">Discover<\/p>\n                          <\/div>\n                        <\/a>\n                      <\/div>\n\n                    \n                  <\/div>\n                <\/div>\n\n              ","protected":false},"excerpt":{"rendered":"","protected":false},"author":2,"featured_media":0,"parent":0,"menu_order":4,"comment_status":"closed","ping_status":"closed","template":"","meta":{"_acf_changed":false,"footnotes":""},"class_list":["post-209","page","type-page","status-publish","hentry"],"acf":[],"_links":{"self":[{"href":"https:\/\/www.faircarecosmetics.com\/en\/wp-json\/wp\/v2\/pages\/209","targetHints":{"allow":["GET"]}}],"collection":[{"href":"https:\/\/www.faircarecosmetics.com\/en\/wp-json\/wp\/v2\/pages"}],"about":[{"href":"https:\/\/www.faircarecosmetics.com\/en\/wp-json\/wp\/v2\/types\/page"}],"author":[{"embeddable":true,"href":"https:\/\/www.faircarecosmetics.com\/en\/wp-json\/wp\/v2\/users\/2"}],"replies":[{"embeddable":true,"href":"https:\/\/www.faircarecosmetics.com\/en\/wp-json\/wp\/v2\/comments?post=209"}],"version-history":[{"count":3,"href":"https:\/\/www.faircarecosmetics.com\/en\/wp-json\/wp\/v2\/pages\/209\/revisions"}],"predecessor-version":[{"id":871,"href":"https:\/\/www.faircarecosmetics.com\/en\/wp-json\/wp\/v2\/pages\/209\/revisions\/871"}],"wp:attachment":[{"href":"https:\/\/www.faircarecosmetics.com\/en\/wp-json\/wp\/v2\/media?parent=209"}],"curies":[{"name":"wp","href":"https:\/\/api.w.org\/{rel}","templated":true}]}}