{"id":95,"date":"2024-08-27T18:02:25","date_gmt":"2024-08-27T16:02:25","guid":{"rendered":"https:\/\/www.faircarecosmetics.com\/?page_id=95"},"modified":"2025-03-07T20:31:08","modified_gmt":"2025-03-07T19:31:08","slug":"kontakt","status":"publish","type":"page","link":"https:\/\/www.faircarecosmetics.com\/de\/kontakt\/","title":{"rendered":"Kontakt"},"content":{"rendered":"\n<div class=\"wp-block-columns is-layout-flex wp-container-core-columns-is-layout-9d6595d7 wp-block-columns-is-layout-flex\">\n<div class=\"wp-block-column is-layout-flow wp-block-column-is-layout-flow\" style=\"flex-basis:33.33%\"><\/div>\n\n\n\n<div class=\"wp-block-column is-layout-flow wp-block-column-is-layout-flow\" style=\"flex-basis:66.66%\">\n<h1 class=\"wp-block-heading\">Du hast Fragen zu FAIR CARE? Meld dich bei uns.<\/h1>\n\n\n\n<p>M\u00f6chtest du gerne \u00fcber uns berichten oder h\u00e4ttest du gerne n\u00e4here Infos zu unseren Produkten? Bist du etwa H\u00e4ndler*in und m\u00f6chtest gerne unsere FAIR CARE Produkte in dein nachhaltiges Sortiment aufnehmen? Auch bei anderen Fragen stehen wir gerne zur Verf\u00fcgung.<\/p>\n\n\n\n<div class=\"wp-block-buttons is-layout-flex wp-block-buttons-is-layout-flex\">\n<div class=\"wp-block-button\"><a class=\"wp-block-button__link wp-element-button\" href=\"ma&#105;&#108;&#116;&#x6f;&#x3a;&#x69;&#x6e;&#x66;o&#64;&#102;&#97;&#105;&#x72;&#x32;&#x2e;&#x6d;&#x65;\">Kontaktiere uns<\/a><\/div>\n<\/div>\n\n\n\n<div style=\"height:40px\" aria-hidden=\"true\" class=\"wp-block-spacer\"><\/div>\n\n\n\n<p><strong>FAIR2.ME GmbH<\/strong><br>Hermann-Heinrich-Gossen-Stra\u00dfe 4<br>50858 K\u00f6ln<br>E-Mail: <a href=\"ma&#105;&#108;&#116;&#x6f;&#x3a;&#x69;&#x6e;fo&#64;&#102;&#97;&#x69;&#x72;&#x32;&#x2e;me\">i&#110;&#x66;&#x6f;&#64;&#102;&#97;&#x69;&#x72;2&#46;&#x6d;&#x65;<\/a><\/p>\n\n\n\n<p><strong>Wir freuen uns auf deine Kontaktaufnahme!<\/strong><\/p>\n<\/div>\n<\/div>\n","protected":false},"excerpt":{"rendered":"<p>Du hast Fragen zu FAIR CARE? Meld dich bei uns. M\u00f6chtest du gerne \u00fcber uns berichten oder h\u00e4ttest du gerne n\u00e4here Infos zu unseren Produkten? Bist du etwa H\u00e4ndler*in und m\u00f6chtest gerne unsere FAIR CARE Produkte in dein nachhaltiges Sortiment aufnehmen? Auch bei anderen Fragen stehen wir gerne [&hellip;]<\/p>\n","protected":false},"author":2,"featured_media":0,"parent":0,"menu_order":10,"comment_status":"closed","ping_status":"closed","template":"","meta":{"_acf_changed":false,"footnotes":""},"class_list":["post-95","page","type-page","status-publish","hentry"],"acf":[],"_links":{"self":[{"href":"https:\/\/www.faircarecosmetics.com\/de\/wp-json\/wp\/v2\/pages\/95","targetHints":{"allow":["GET"]}}],"collection":[{"href":"https:\/\/www.faircarecosmetics.com\/de\/wp-json\/wp\/v2\/pages"}],"about":[{"href":"https:\/\/www.faircarecosmetics.com\/de\/wp-json\/wp\/v2\/types\/page"}],"author":[{"embeddable":true,"href":"https:\/\/www.faircarecosmetics.com\/de\/wp-json\/wp\/v2\/users\/2"}],"replies":[{"embeddable":true,"href":"https:\/\/www.faircarecosmetics.com\/de\/wp-json\/wp\/v2\/comments?post=95"}],"version-history":[{"count":6,"href":"https:\/\/www.faircarecosmetics.com\/de\/wp-json\/wp\/v2\/pages\/95\/revisions"}],"predecessor-version":[{"id":987,"href":"https:\/\/www.faircarecosmetics.com\/de\/wp-json\/wp\/v2\/pages\/95\/revisions\/987"}],"wp:attachment":[{"href":"https:\/\/www.faircarecosmetics.com\/de\/wp-json\/wp\/v2\/media?parent=95"}],"curies":[{"name":"wp","href":"https:\/\/api.w.org\/{rel}","templated":true}]}}