{"id":89,"date":"2024-08-27T18:01:13","date_gmt":"2024-08-27T16:01:13","guid":{"rendered":"https:\/\/www.faircarecosmetics.com\/?page_id=89"},"modified":"2025-08-19T18:40:00","modified_gmt":"2025-08-19T16:40:00","slug":"impressum","status":"publish","type":"page","link":"https:\/\/www.faircarecosmetics.com\/de\/impressum\/","title":{"rendered":"Impressum"},"content":{"rendered":"\n<div class=\"wp-block-columns is-layout-flex wp-container-core-columns-is-layout-9d6595d7 wp-block-columns-is-layout-flex\">\n<div class=\"wp-block-column is-layout-flow wp-block-column-is-layout-flow\" style=\"flex-basis:33.33%\"><\/div>\n\n\n\n<div class=\"wp-block-column is-layout-flow wp-block-column-is-layout-flow\" style=\"flex-basis:66.66%\">\n<h1 class=\"wp-block-heading\">Impressum<\/h1>\n\n\n\n<h2 class=\"wp-block-heading\">Verantwortlich f\u00fcr den Inhalt dieser Website<\/h2>\n\n\n\n<p>FAIR2.ME GmbH<br>Hermann-Heinrich-Gossen-Stra\u00dfe 4<br>D-50858 K\u00f6ln<\/p>\n\n\n\n<h3 class=\"wp-block-heading\">Kontakt<\/h3>\n\n\n\n<p>E-Mail:<a href=\"maito:&#105;&#x6e;f&#x6f;&#64;&#102;&#x61;&#105;&#x72;2&#46;&#x6d;&#101;\" data-type=\"link\" data-id=\"maito:in&#102;&#111;&#x40;&#x66;&#x61;&#x69;r2&#46;&#109;&#x65;\"> i&#110;&#102;&#x6f;&#x40;fa&#105;&#114;&#x32;&#x2e;me<\/a><br><\/p>\n\n\n\n<h3 class=\"wp-block-heading\">Vertretungsberechtigte Gesch\u00e4ftsf\u00fchrer<\/h3>\n\n\n\n<p>Oliver Gothe<br>Stephan Zehnpfennig<\/p>\n\n\n\n<h3 class=\"wp-block-heading\">Handelsregister<\/h3>\n\n\n\n<p>HRB 84952, Amtsgericht K\u00f6ln<\/p>\n\n\n\n<h3 class=\"wp-block-heading\">Umsatzsteuer-ID Nummer (gem. \u00a7 27a UStG)<\/h3>\n\n\n\n<p>DE 815584812<\/p>\n\n\n\n<h3 class=\"wp-block-heading\">Urheberrechte<\/h3>\n\n\n\n<p>Alle auf dieser Website verwendeten Texte, Fotos und grafischen Gestaltungen sind urheberrechtlich gesch\u00fctzt. Die Vervielf\u00e4ltigung, Bearbeitung, Verbreitung und jede Art der Verwertung au\u00dferhalb der Grenzen des Urheberrechtes bed\u00fcrfen der schriftlichen Zustimmung des jeweiligen Autors bzw. Erstellers. Downloads und Kopien dieser Seite, die \u00fcber den privaten Gebrauch hinausgehen, bed\u00fcrfen der ausdr\u00fccklichen vorherigen Zustimmung der FAIR2.ME GmbH<\/p>\n\n\n\n<h3 class=\"wp-block-heading\"><strong>Alternative Streitbeilegung in Verbrauchersachen<br>gem. Art. 14 Abs. 1 ODR-VO, \u00a7 36 VSBG<\/strong><\/h3>\n\n\n\n<p>Wir sind nicht bereit oder verpflichtet, an einem Streitbeilegungsverfahren vor einer Verbraucherschlichtungsstelle teilzunehmen.<\/p>\n\n\n\n<h3 class=\"wp-block-heading\">Markenzeichen<\/h3>\n\n\n\n<p>FAIR2.ME weist darauf hin, dass die Inhalte der Website markenrechtlich gesch\u00fctzte Unternehmens-, Produkt- und sonstige Kennzeichen enthalten. Jede Nutzung solcher Kennzeichen bed\u00fcrfen der ausdr\u00fccklichen vorherigen Zustimmung der Fair Squared und \/ oder des jeweiligen Kennzeicheninhabers.<\/p>\n\n\n\n<h3 class=\"wp-block-heading\">Ansprechpartner f\u00fcr Rechtsfragen<\/h3>\n\n\n\n<p><strong>F\u00fcr rechtliche Fragen zu unserem Internetauftritt wenden Sie sich bitte an:<\/strong><br><br><em>FAIR2.ME GmbH<br>Rechtsabteilung<br>Hermann-Heinrich-Gossen-Stra\u00dfe 4<br>D-50858 K\u00f6ln<br>E-Mail: <\/em><a href=\"&#x6d;&#97;i&#x6c;&#x74;&#111;:&#x69;&#x69;&#110;f&#x6f;&#x40;&#102;a&#x69;&#x72;&#50;&#46;&#x6d;&#101;\">&#105;&#x6e;&#102;&#x6f;&#64;&#102;&#x61;&#105;&#x72;2&#x2e;m&#101;<\/a><\/p>\n<\/div>\n<\/div>\n","protected":false},"excerpt":{"rendered":"<p>Impressum Verantwortlich f\u00fcr den Inhalt dieser Website FAIR2.ME GmbHHermann-Heinrich-Gossen-Stra\u00dfe 4D-50858 K\u00f6ln Kontakt E-Mail: &#x69;&#x6e;&#x66;&#111;&#64;fa&#x69;&#x72;&#x32;&#46;&#109;e Vertretungsberechtigte Gesch\u00e4ftsf\u00fchrer Oliver GotheStephan Zehnpfennig Handelsregister HRB 84952, Amtsgericht K\u00f6ln Umsatzsteuer-ID Nummer (gem. \u00a7 27a UStG) DE 815584812 Urheberrechte Alle auf dieser Website verwendeten Texte, Fotos und grafischen Gestaltungen sind urheberrechtlich gesch\u00fctzt. Die Vervielf\u00e4ltigung, [&hellip;]<\/p>\n","protected":false},"author":2,"featured_media":0,"parent":0,"menu_order":101,"comment_status":"closed","ping_status":"closed","template":"","meta":{"_acf_changed":false,"footnotes":""},"class_list":["post-89","page","type-page","status-publish","hentry"],"acf":[],"_links":{"self":[{"href":"https:\/\/www.faircarecosmetics.com\/de\/wp-json\/wp\/v2\/pages\/89","targetHints":{"allow":["GET"]}}],"collection":[{"href":"https:\/\/www.faircarecosmetics.com\/de\/wp-json\/wp\/v2\/pages"}],"about":[{"href":"https:\/\/www.faircarecosmetics.com\/de\/wp-json\/wp\/v2\/types\/page"}],"author":[{"embeddable":true,"href":"https:\/\/www.faircarecosmetics.com\/de\/wp-json\/wp\/v2\/users\/2"}],"replies":[{"embeddable":true,"href":"https:\/\/www.faircarecosmetics.com\/de\/wp-json\/wp\/v2\/comments?post=89"}],"version-history":[{"count":10,"href":"https:\/\/www.faircarecosmetics.com\/de\/wp-json\/wp\/v2\/pages\/89\/revisions"}],"predecessor-version":[{"id":1036,"href":"https:\/\/www.faircarecosmetics.com\/de\/wp-json\/wp\/v2\/pages\/89\/revisions\/1036"}],"wp:attachment":[{"href":"https:\/\/www.faircarecosmetics.com\/de\/wp-json\/wp\/v2\/media?parent=89"}],"curies":[{"name":"wp","href":"https:\/\/api.w.org\/{rel}","templated":true}]}}